{"id":1294,"date":"2018-03-10T00:00:00","date_gmt":"2018-03-09T23:00:00","guid":{"rendered":"http:\/\/drosed.pl\/kontakt\/"},"modified":"2023-08-30T13:52:13","modified_gmt":"2023-08-30T11:52:13","slug":"contact","status":"publish","type":"page","link":"https:\/\/drosed.pl\/en\/contact\/","title":{"rendered":"Contact"},"content":{"rendered":"<p><strong>DROSED S.A.<\/strong><br \/>\n08-110 Siedlce<br \/>\nul. Soko\u0142owska 154,<\/p>\n<p id=\"tw-target-text\" class=\"tw-data-text tw-text-large tw-ta\" dir=\"ltr\" data-placeholder=\"T\u0142umaczenie\"><span class=\"Y2IQFc\" lang=\"en\">registered in the District Court Lublin-Wsch\u00f3d in Lublin with its registered office in \u015awidnik, 6th Commercial Division of the National Court Register <\/span>KRS nr 0000054754,<\/p>\n<p>VAT PL 821-000-61-25, <span class=\"Y2IQFc\" lang=\"en\">with a share capital of PLN 9,200,000.00 &#8211; paid up in full.<\/span><\/p>\n<p>tel. 25 640 00 00<br \/>\nfax 25 640\u00a000 16<br \/>\n<a href=\"mailto:drosed@drosed.com.pl\">drosed@drosed.com.pl<\/a><\/p>\n","protected":false},"excerpt":{"rendered":"<p>DROSED S.A. 08-110 Siedlce ul. Soko\u0142owska 154, registered in the District Court Lublin-Wsch\u00f3d in Lublin with its registered office in \u015awidnik, 6th Commercial Division of the National Court Register KRS nr 0000054754, VAT PL 821-000-61-25, with a share capital of PLN 9,200,000.00 &#8211; paid up in full. tel. 25 640 [&#8230;]<\/p>\n","protected":false},"author":1,"featured_media":0,"parent":0,"menu_order":0,"comment_status":"closed","ping_status":"closed","template":"","meta":[],"acf":[],"_links":{"self":[{"href":"https:\/\/drosed.pl\/en\/wp-json\/wp\/v2\/pages\/1294"}],"collection":[{"href":"https:\/\/drosed.pl\/en\/wp-json\/wp\/v2\/pages"}],"about":[{"href":"https:\/\/drosed.pl\/en\/wp-json\/wp\/v2\/types\/page"}],"author":[{"embeddable":true,"href":"https:\/\/drosed.pl\/en\/wp-json\/wp\/v2\/users\/1"}],"replies":[{"embeddable":true,"href":"https:\/\/drosed.pl\/en\/wp-json\/wp\/v2\/comments?post=1294"}],"version-history":[{"count":4,"href":"https:\/\/drosed.pl\/en\/wp-json\/wp\/v2\/pages\/1294\/revisions"}],"predecessor-version":[{"id":3772,"href":"https:\/\/drosed.pl\/en\/wp-json\/wp\/v2\/pages\/1294\/revisions\/3772"}],"wp:attachment":[{"href":"https:\/\/drosed.pl\/en\/wp-json\/wp\/v2\/media?parent=1294"}],"curies":[{"name":"wp","href":"https:\/\/api.w.org\/{rel}","templated":true}]}}